{"id":4385,"date":"2021-04-06T15:53:42","date_gmt":"2021-04-06T13:53:42","guid":{"rendered":"https:\/\/dixa.weitblick-online.ch\/plantes-medicinales-herbes-et-epices\/liste-dassortiment\/"},"modified":"2025-10-20T15:38:37","modified_gmt":"2025-10-20T13:38:37","slug":"liste-dassortiment","status":"publish","type":"page","link":"https:\/\/www.dixa.ch\/fr\/herbes-et-epices\/liste-dassortiment\/","title":{"rendered":"Liste d\u2019assortiment"},"content":{"rendered":"<div class=\"wpb-content-wrapper\"><p>[vc_row full_width=\u00a0\u00bbstretch_row_content_no_spaces\u00a0\u00bb][vc_column][vc_banner_title style=\u00a0\u00bbbig\u00a0\u00bb color_style=\u00a0\u00bblight\u00a0\u00bb subtitle=\u00a0\u00bbListe d\u2019assortiment DIXA\u00a0\u00bb title=\u00a0\u00bbUn choix de plus de 450 mati\u00e8res premi\u00e8res diff\u00e9rentes.\u00a0\u00bb img=\u00a0\u00bb2975&Prime; button=\u00a0\u00bburl:https%3A%2F%2Fdixa-onlineshop.ch%2Ffr%2FListe-d-assortiment%2F|title:Liste%20d%E2%80%99assortiment|target:_blank|\u00a0\u00bb enable_overlay=\u00a0\u00bbtrue\u00a0\u00bb enable_fullheight=\u00a0\u00bbtrue\u00a0\u00bb columns=\u00a0\u00bb%5B%7B%7D%2C%7B%7D%2C%7B%7D%5D\u00a0\u00bb]Dixa AG ne commercialise ni ne transforme aucun m\u00e9dicament, rem\u00e8de ou principe actif pharmaceutique. N\u00e9anmoins, les mati\u00e8res premi\u00e8res de qualit\u00e9 de Dixa AG sont souvent contr\u00f4l\u00e9es selon des sp\u00e9cifications internes et conform\u00e9ment aux monographies de la pharmacop\u00e9e (par exemple PhEur). Ni le processus de fabrication ni le processus de validation ne sont certifi\u00e9s GMP.[\/vc_banner_title][\/vc_column][\/vc_row]<\/p>\n<\/div>","protected":false},"excerpt":{"rendered":"<p>[vc_row full_width=\u00a0\u00bbstretch_row_content_no_spaces\u00a0\u00bb][vc_column][vc_banner_title style=\u00a0\u00bbbig\u00a0\u00bb color_style=\u00a0\u00bblight\u00a0\u00bb subtitle=\u00a0\u00bbListe d\u2019assortiment DIXA\u00a0\u00bb title=\u00a0\u00bbUn choix de plus de 450 mati\u00e8res premi\u00e8res diff\u00e9rentes.\u00a0\u00bb img=\u00a0\u00bb2975&Prime; button=\u00a0\u00bburl:https%3A%2F%2Fdixa-onlineshop.ch%2Ffr%2FListe-d-assortiment%2F|title:Liste%20d%E2%80%99assortiment|target:_blank|\u00a0\u00bb enable_overlay=\u00a0\u00bbtrue\u00a0\u00bb enable_fullheight=\u00a0\u00bbtrue\u00a0\u00bb<\/p>\n","protected":false},"author":1,"featured_media":0,"parent":4379,"menu_order":0,"comment_status":"closed","ping_status":"closed","template":"","meta":{"footnotes":""},"class_list":["post-4385","page","type-page","status-publish","hentry"],"yoast_head":"<!-- This site is optimized with the Yoast SEO plugin v23.6 - https:\/\/yoast.com\/wordpress\/plugins\/seo\/ -->\n<title>Liste d\u2019assortiment DIXA \u2013 plus de 450 produits issus des quatre coins du globe<\/title>\n<meta name=\"description\" content=\"P\u00e9tales d\u2019arnica jaune dor\u00e9, racines de belladone coup\u00e9es, poivre des moines moulu, etc. \u2013 vous trouverez forc\u00e9ment votre bonheur dans la liste d\u2019assortiment DIXA.\" \/>\n<meta name=\"robots\" content=\"index, follow, max-snippet:-1, max-image-preview:large, max-video-preview:-1\" \/>\n<link rel=\"canonical\" href=\"https:\/\/www.dixa.ch\/fr\/herbes-et-epices\/liste-dassortiment\/\" \/>\n<meta property=\"og:locale\" content=\"fr_FR\" \/>\n<meta property=\"og:type\" content=\"article\" \/>\n<meta property=\"og:title\" content=\"Liste d\u2019assortiment DIXA \u2013 plus de 450 produits issus des quatre coins du globe\" \/>\n<meta property=\"og:description\" content=\"P\u00e9tales d\u2019arnica jaune dor\u00e9, racines de belladone coup\u00e9es, poivre des moines moulu, etc. \u2013 vous trouverez forc\u00e9ment votre bonheur dans la liste d\u2019assortiment DIXA.\" \/>\n<meta property=\"og:url\" content=\"https:\/\/www.dixa.ch\/fr\/herbes-et-epices\/liste-dassortiment\/\" \/>\n<meta property=\"og:site_name\" content=\"DIXA\" \/>\n<meta property=\"article:modified_time\" content=\"2025-10-20T13:38:37+00:00\" \/>\n<meta name=\"twitter:card\" content=\"summary_large_image\" \/>\n<meta name=\"twitter:label1\" content=\"Dur\u00e9e de lecture estim\u00e9e\" \/>\n\t<meta name=\"twitter:data1\" content=\"1 minute\" \/>\n<script type=\"application\/ld+json\" class=\"yoast-schema-graph\">{\"@context\":\"https:\/\/schema.org\",\"@graph\":[{\"@type\":\"WebPage\",\"@id\":\"https:\/\/www.dixa.ch\/fr\/herbes-et-epices\/liste-dassortiment\/\",\"url\":\"https:\/\/www.dixa.ch\/fr\/herbes-et-epices\/liste-dassortiment\/\",\"name\":\"Liste d\u2019assortiment DIXA \u2013 plus de 450 produits issus des quatre coins du globe\",\"isPartOf\":{\"@id\":\"https:\/\/www.dixa.ch\/fr\/#website\"},\"datePublished\":\"2021-04-06T13:53:42+00:00\",\"dateModified\":\"2025-10-20T13:38:37+00:00\",\"description\":\"P\u00e9tales d\u2019arnica jaune dor\u00e9, racines de belladone coup\u00e9es, poivre des moines moulu, etc. \u2013 vous trouverez forc\u00e9ment votre bonheur dans la liste d\u2019assortiment DIXA.\",\"breadcrumb\":{\"@id\":\"https:\/\/www.dixa.ch\/fr\/herbes-et-epices\/liste-dassortiment\/#breadcrumb\"},\"inLanguage\":\"fr-FR\",\"potentialAction\":[{\"@type\":\"ReadAction\",\"target\":[\"https:\/\/www.dixa.ch\/fr\/herbes-et-epices\/liste-dassortiment\/\"]}]},{\"@type\":\"BreadcrumbList\",\"@id\":\"https:\/\/www.dixa.ch\/fr\/herbes-et-epices\/liste-dassortiment\/#breadcrumb\",\"itemListElement\":[{\"@type\":\"ListItem\",\"position\":1,\"name\":\"Startseite\",\"item\":\"https:\/\/www.dixa.ch\/fr\/\"},{\"@type\":\"ListItem\",\"position\":2,\"name\":\"Herbes et \u00e9pices\",\"item\":\"https:\/\/www.dixa.ch\/fr\/herbes-et-epices\/\"},{\"@type\":\"ListItem\",\"position\":3,\"name\":\"Liste d\u2019assortiment\"}]},{\"@type\":\"WebSite\",\"@id\":\"https:\/\/www.dixa.ch\/fr\/#website\",\"url\":\"https:\/\/www.dixa.ch\/fr\/\",\"name\":\"DIXA\",\"description\":\"Die Schweizer Naturmanufaktur f\u00fcr Kr\u00e4uter und Gew\u00fcrze\",\"potentialAction\":[{\"@type\":\"SearchAction\",\"target\":{\"@type\":\"EntryPoint\",\"urlTemplate\":\"https:\/\/www.dixa.ch\/fr\/?s={search_term_string}\"},\"query-input\":{\"@type\":\"PropertyValueSpecification\",\"valueRequired\":true,\"valueName\":\"search_term_string\"}}],\"inLanguage\":\"fr-FR\"}]}<\/script>\n<!-- \/ Yoast SEO plugin. -->","yoast_head_json":{"title":"Liste d\u2019assortiment DIXA \u2013 plus de 450 produits issus des quatre coins du globe","description":"P\u00e9tales d\u2019arnica jaune dor\u00e9, racines de belladone coup\u00e9es, poivre des moines moulu, etc. \u2013 vous trouverez forc\u00e9ment votre bonheur dans la liste d\u2019assortiment DIXA.","robots":{"index":"index","follow":"follow","max-snippet":"max-snippet:-1","max-image-preview":"max-image-preview:large","max-video-preview":"max-video-preview:-1"},"canonical":"https:\/\/www.dixa.ch\/fr\/herbes-et-epices\/liste-dassortiment\/","og_locale":"fr_FR","og_type":"article","og_title":"Liste d\u2019assortiment DIXA \u2013 plus de 450 produits issus des quatre coins du globe","og_description":"P\u00e9tales d\u2019arnica jaune dor\u00e9, racines de belladone coup\u00e9es, poivre des moines moulu, etc. \u2013 vous trouverez forc\u00e9ment votre bonheur dans la liste d\u2019assortiment DIXA.","og_url":"https:\/\/www.dixa.ch\/fr\/herbes-et-epices\/liste-dassortiment\/","og_site_name":"DIXA","article_modified_time":"2025-10-20T13:38:37+00:00","twitter_card":"summary_large_image","twitter_misc":{"Dur\u00e9e de lecture estim\u00e9e":"1 minute"},"schema":{"@context":"https:\/\/schema.org","@graph":[{"@type":"WebPage","@id":"https:\/\/www.dixa.ch\/fr\/herbes-et-epices\/liste-dassortiment\/","url":"https:\/\/www.dixa.ch\/fr\/herbes-et-epices\/liste-dassortiment\/","name":"Liste d\u2019assortiment DIXA \u2013 plus de 450 produits issus des quatre coins du globe","isPartOf":{"@id":"https:\/\/www.dixa.ch\/fr\/#website"},"datePublished":"2021-04-06T13:53:42+00:00","dateModified":"2025-10-20T13:38:37+00:00","description":"P\u00e9tales d\u2019arnica jaune dor\u00e9, racines de belladone coup\u00e9es, poivre des moines moulu, etc. \u2013 vous trouverez forc\u00e9ment votre bonheur dans la liste d\u2019assortiment DIXA.","breadcrumb":{"@id":"https:\/\/www.dixa.ch\/fr\/herbes-et-epices\/liste-dassortiment\/#breadcrumb"},"inLanguage":"fr-FR","potentialAction":[{"@type":"ReadAction","target":["https:\/\/www.dixa.ch\/fr\/herbes-et-epices\/liste-dassortiment\/"]}]},{"@type":"BreadcrumbList","@id":"https:\/\/www.dixa.ch\/fr\/herbes-et-epices\/liste-dassortiment\/#breadcrumb","itemListElement":[{"@type":"ListItem","position":1,"name":"Startseite","item":"https:\/\/www.dixa.ch\/fr\/"},{"@type":"ListItem","position":2,"name":"Herbes et \u00e9pices","item":"https:\/\/www.dixa.ch\/fr\/herbes-et-epices\/"},{"@type":"ListItem","position":3,"name":"Liste d\u2019assortiment"}]},{"@type":"WebSite","@id":"https:\/\/www.dixa.ch\/fr\/#website","url":"https:\/\/www.dixa.ch\/fr\/","name":"DIXA","description":"Die Schweizer Naturmanufaktur f\u00fcr Kr\u00e4uter und Gew\u00fcrze","potentialAction":[{"@type":"SearchAction","target":{"@type":"EntryPoint","urlTemplate":"https:\/\/www.dixa.ch\/fr\/?s={search_term_string}"},"query-input":{"@type":"PropertyValueSpecification","valueRequired":true,"valueName":"search_term_string"}}],"inLanguage":"fr-FR"}]}},"_links":{"self":[{"href":"https:\/\/www.dixa.ch\/fr\/wp-json\/wp\/v2\/pages\/4385"}],"collection":[{"href":"https:\/\/www.dixa.ch\/fr\/wp-json\/wp\/v2\/pages"}],"about":[{"href":"https:\/\/www.dixa.ch\/fr\/wp-json\/wp\/v2\/types\/page"}],"author":[{"embeddable":true,"href":"https:\/\/www.dixa.ch\/fr\/wp-json\/wp\/v2\/users\/1"}],"replies":[{"embeddable":true,"href":"https:\/\/www.dixa.ch\/fr\/wp-json\/wp\/v2\/comments?post=4385"}],"version-history":[{"count":3,"href":"https:\/\/www.dixa.ch\/fr\/wp-json\/wp\/v2\/pages\/4385\/revisions"}],"predecessor-version":[{"id":6644,"href":"https:\/\/www.dixa.ch\/fr\/wp-json\/wp\/v2\/pages\/4385\/revisions\/6644"}],"up":[{"embeddable":true,"href":"https:\/\/www.dixa.ch\/fr\/wp-json\/wp\/v2\/pages\/4379"}],"wp:attachment":[{"href":"https:\/\/www.dixa.ch\/fr\/wp-json\/wp\/v2\/media?parent=4385"}],"curies":[{"name":"wp","href":"https:\/\/api.w.org\/{rel}","templated":true}]}}