{"id":4379,"date":"2021-04-06T15:49:52","date_gmt":"2021-04-06T13:49:52","guid":{"rendered":"https:\/\/dixa.weitblick-online.ch\/plantes-medicinales-herbes-et-epices\/"},"modified":"2025-12-11T17:26:53","modified_gmt":"2025-12-11T16:26:53","slug":"herbes-et-epices","status":"publish","type":"page","link":"https:\/\/www.dixa.ch\/fr\/herbes-et-epices\/","title":{"rendered":"Herbes et \u00e9pices"},"content":{"rendered":"<div class=\"wpb-content-wrapper\"><p>[vc_row full_width=\u00a0\u00bbstretch_row_content_no_spaces\u00a0\u00bb][vc_column][vc_banner_title style=\u00a0\u00bbbig\u00a0\u00bb color_style=\u00a0\u00bblight\u00a0\u00bb subtitle=\u00a0\u00bbHochwertig und zertifiziert\u00a0\u00bb title=\u00a0\u00bbHerbes et \u00e9pices de DIXA. \u00a0\u00bb img=\u00a0\u00bb3723&Prime; button=\u00a0\u00bburl:https%3A%2F%2Fwww.dixa.ch%2Ffr%2Fcontact%2F|title:Devenir%20client%20maintenant|target:_blank|\u00a0\u00bb enable_overlay=\u00a0\u00bbtrue\u00a0\u00bb enable_fullheight=\u00a0\u00bbtrue\u00a0\u00bb columns=\u00a0\u00bb%5B%7B%7D%5D\u00a0\u00bb]Forts d\u2019une exp\u00e9rience de plus de 100 ans dans la fabrication de produits naturels, nous proposons le plus vaste choix d\u2019herbes et d\u2019\u00e9pices de toute la Suisse. Pas \u00e9tonnant que nos herbes et \u00e9pices, ou \u00abHerbs &amp; Spices\u00bb pour les plus anglophiles, soient \u00e9galement pris\u00e9es sur le march\u00e9 international. Vous trouverez chez nous des sp\u00e9cialit\u00e9s rares et des mati\u00e8res premi\u00e8reas de haute qualit\u00e9 offertes par M\u00e8re Nature.[\/vc_banner_title][\/vc_column][\/vc_row][vc_row desctop_mt=\u00a0\u00bbmargin-lg-15t\u00a0\u00bb tablets_mt=\u00a0\u00bbmargin-sm-20t\u00a0\u00bb][vc_column][vc_row_inner equal_height=\u00a0\u00bbyes\u00a0\u00bb content_placement=\u00a0\u00bbmiddle\u00a0\u00bb css=\u00a0\u00bb.vc_custom_1605880200055{padding-top: 70px !important;padding-bottom: 70px !important;}\u00a0\u00bb el_class=\u00a0\u00bbdienstleistungen\u00a0\u00bb][vc_column_inner width=\u00a0\u00bb7\/12&Prime;][vc_single_image image=\u00a0\u00bb3386&Prime; img_size=\u00a0\u00bblarge\u00a0\u00bb onclick=\u00a0\u00bbcustom_link\u00a0\u00bb link=\u00a0\u00bbhttps:\/\/www.dixa.ch\/fr\/plantes-medicinales-herbes-et-epices\/herbes-et-epices\/\u00a0\u00bb el_class=\u00a0\u00bblinkedimage\u00a0\u00bb][\/vc_column_inner][vc_column_inner width=\u00a0\u00bb5\/12&Prime;][vc_headings title=\u00a0\u00bbLes herbes et les \u00e9pices sont notre univers.\u00a0\u00bb heading_size=\u00a0\u00bbh2&Prime; button=\u00a0\u00bburl:https%3A%2F%2Fwww.dixa.ch%2Ffr%2Fplantes-medicinales-herbes-et-epices%2Fherbes-et-epices%2F|title:Herbes%20et%20%C3%A9pices|\u00a0\u00bb color_button=\u00a0\u00bbdark\u00a0\u00bb]Des produits certifi\u00e9s de grande qualit\u00e9 avec un contenu clairement d\u00e9clar\u00e9 \u2013 notre gamme d\u2019herbes et d\u2019\u00e9pices s\u00e9duit \u00e9galement une client\u00e8le internationale: garante d\u2019une qualit\u00e9 durable au plus haut niveau, la soci\u00e9t\u00e9 Herbs &amp; Spices de DIXA fait rayonner la Suisse aux quatre coins du globe.[\/vc_headings][\/vc_column_inner][\/vc_row_inner][vc_row_inner equal_height=\u00a0\u00bbyes\u00a0\u00bb content_placement=\u00a0\u00bbmiddle\u00a0\u00bb css=\u00a0\u00bb.vc_custom_1604653268280{padding-bottom: 70px !important;}\u00a0\u00bb el_class=\u00a0\u00bbdienstleistungen\u00a0\u00bb][vc_column_inner width=\u00a0\u00bb5\/12&Prime;][vc_headings title=\u00a0\u00bbListe d\u2019assortiment Dixa: la nature \u00e0 l\u2019\u00e9tat pur de A \u00e0 Z.\u00a0\u00bb heading_size=\u00a0\u00bbh2&Prime; button=\u00a0\u00bburl:https%3A%2F%2Fwww.dixa-shop.ch%2Ffr%2FProduits%2FListe-d-assortiment%2F%3Fforce_sid%3Def22e8c188f193f4a23cf305bff86dfd|title:Liste%20d%E2%80%99assortiment|target:_blank|\u00a0\u00bb color_button=\u00a0\u00bbdark\u00a0\u00bb]La diversit\u00e9 de la nature se refl\u00e8te dans notre s\u00e9lection de plus de 600 vari\u00e9t\u00e9s d\u2019herbes et d\u2019\u00e9pices. Dans cette gamme de produits, la plus vaste de Suisse \u00e0 ce jour, vous trouverez toutes les herbes et \u00e9pices courantes pour les secteurs agroalimentaire, cosmetique, pharmaceutique et m\u00e9dical ainsi que pour le commerce sp\u00e9cialis\u00e9.[\/vc_headings][\/vc_column_inner][vc_column_inner width=\u00a0\u00bb7\/12&Prime;][vc_single_image image=\u00a0\u00bb2898&Prime; img_size=\u00a0\u00bblarge\u00a0\u00bb onclick=\u00a0\u00bbcustom_link\u00a0\u00bb img_link_target=\u00a0\u00bb_blank\u00a0\u00bb link=\u00a0\u00bbhttps:\/\/www.dixa-shop.ch\/fr\/Liste-d-assortiment\/?force_sid=583b0141e8d3ce5801c57eba305f7576&Prime; el_class=\u00a0\u00bblinkedimage\u00a0\u00bb][\/vc_column_inner][\/vc_row_inner][vc_row_inner equal_height=\u00a0\u00bbyes\u00a0\u00bb content_placement=\u00a0\u00bbmiddle\u00a0\u00bb css=\u00a0\u00bb.vc_custom_1604653272157{padding-bottom: 70px !important;}\u00a0\u00bb el_class=\u00a0\u00bbdienstleistungen\u00a0\u00bb][vc_column_inner width=\u00a0\u00bb7\/12&Prime;][vc_single_image image=\u00a0\u00bb3388&Prime; img_size=\u00a0\u00bblarge\u00a0\u00bb onclick=\u00a0\u00bbcustom_link\u00a0\u00bb img_link_target=\u00a0\u00bb_blank\u00a0\u00bb link=\u00a0\u00bbhttps:\/\/www.dixa-shop.ch\/index.php?lang=2&amp;force_sid=c2ef0dbf38ad6b274f84a0bd29a0899c&amp;cl=bezugsquellen\u00a0\u00bb el_class=\u00a0\u00bblinkedimage\u00a0\u00bb][\/vc_column_inner][vc_column_inner width=\u00a0\u00bb5\/12&Prime;][vc_headings title=\u00a0\u00bbNos herbes et \u00e9pices sont disponibles dans votre r\u00e9gion.\u00a0\u00bb heading_size=\u00a0\u00bbh2&Prime; button=\u00a0\u00bburl:https%3A%2F%2Fwww.dixa-shop.ch%2Findex.php%3Flang%3D2%26force_sid%3Def22e8c188f193f4a23cf305bff86dfd%26cl%3Dbezugsquellen|title:Dixa%20Partenaires%20pr%C3%A8s%20de%20chez%20vous|target:_blank|\u00a0\u00bb color_button=\u00a0\u00bbdark\u00a0\u00bb]Les herbes et \u00e9pices DIXA sont disponibles sous une grande vari\u00e9t\u00e9 de formes chez nos partenaires du commerce sp\u00e9cialis\u00e9 de votre r\u00e9gion. Vous y trouverez tout ce dont vous avez besoin \u2013 des th\u00e9s, m\u00e9langes d\u2019herbes de cuisine et d\u2019\u00e9pices aux produits de sant\u00e9 et de bien-\u00eatre, en passant par les articles lifestyle.[\/vc_headings][\/vc_column_inner][\/vc_row_inner][\/vc_column][\/vc_row]<\/p>\n<\/div>","protected":false},"excerpt":{"rendered":"<p>[vc_row full_width=\u00a0\u00bbstretch_row_content_no_spaces\u00a0\u00bb][vc_column][vc_banner_title style=\u00a0\u00bbbig\u00a0\u00bb color_style=\u00a0\u00bblight\u00a0\u00bb subtitle=\u00a0\u00bbHochwertig und zertifiziert\u00a0\u00bb title=\u00a0\u00bbHerbes et \u00e9pices de DIXA. \u00a0\u00bb img=\u00a0\u00bb3723&Prime; button=\u00a0\u00bburl:https%3A%2F%2Fwww.dixa.ch%2Ffr%2Fcontact%2F|title:Devenir%20client%20maintenant|target:_blank|\u00a0\u00bb enable_overlay=\u00a0\u00bbtrue\u00a0\u00bb enable_fullheight=\u00a0\u00bbtrue\u00a0\u00bb columns=\u00a0\u00bb%5B%7B%7D%5D\u00a0\u00bb]Forts d\u2019une exp\u00e9rience<\/p>\n","protected":false},"author":1,"featured_media":0,"parent":0,"menu_order":0,"comment_status":"closed","ping_status":"closed","template":"","meta":{"footnotes":""},"class_list":["post-4379","page","type-page","status-publish","hentry"],"yoast_head":"<!-- This site is optimized with the Yoast SEO plugin v23.6 - https:\/\/yoast.com\/wordpress\/plugins\/seo\/ -->\n<title>Herbes et \u00e9pices \u2013 le monde de DIXA<\/title>\n<meta name=\"description\" content=\"La manufacture suisse de produits naturels DIXA propose la plus vaste s\u00e9lection d\u2019herbes et d\u2019\u00e9pices. Vous trouverez plus d\u2019informations ici.\" \/>\n<meta name=\"robots\" content=\"index, follow, max-snippet:-1, max-image-preview:large, max-video-preview:-1\" \/>\n<link rel=\"canonical\" href=\"https:\/\/www.dixa.ch\/fr\/herbes-et-epices\/\" \/>\n<meta property=\"og:locale\" content=\"fr_FR\" \/>\n<meta property=\"og:type\" content=\"article\" \/>\n<meta property=\"og:title\" content=\"Herbes et \u00e9pices \u2013 le monde de DIXA\" \/>\n<meta property=\"og:description\" content=\"La manufacture suisse de produits naturels DIXA propose la plus vaste s\u00e9lection d\u2019herbes et d\u2019\u00e9pices. Vous trouverez plus d\u2019informations ici.\" \/>\n<meta property=\"og:url\" content=\"https:\/\/www.dixa.ch\/fr\/herbes-et-epices\/\" \/>\n<meta property=\"og:site_name\" content=\"DIXA\" \/>\n<meta property=\"article:modified_time\" content=\"2025-12-11T16:26:53+00:00\" \/>\n<meta name=\"twitter:card\" content=\"summary_large_image\" \/>\n<meta name=\"twitter:label1\" content=\"Dur\u00e9e de lecture estim\u00e9e\" \/>\n\t<meta name=\"twitter:data1\" content=\"3 minutes\" \/>\n<script type=\"application\/ld+json\" class=\"yoast-schema-graph\">{\"@context\":\"https:\/\/schema.org\",\"@graph\":[{\"@type\":\"WebPage\",\"@id\":\"https:\/\/www.dixa.ch\/fr\/herbes-et-epices\/\",\"url\":\"https:\/\/www.dixa.ch\/fr\/herbes-et-epices\/\",\"name\":\"Herbes et \u00e9pices \u2013 le monde de DIXA\",\"isPartOf\":{\"@id\":\"https:\/\/www.dixa.ch\/fr\/#website\"},\"datePublished\":\"2021-04-06T13:49:52+00:00\",\"dateModified\":\"2025-12-11T16:26:53+00:00\",\"description\":\"La manufacture suisse de produits naturels DIXA propose la plus vaste s\u00e9lection d\u2019herbes et d\u2019\u00e9pices. Vous trouverez plus d\u2019informations ici.\",\"breadcrumb\":{\"@id\":\"https:\/\/www.dixa.ch\/fr\/herbes-et-epices\/#breadcrumb\"},\"inLanguage\":\"fr-FR\",\"potentialAction\":[{\"@type\":\"ReadAction\",\"target\":[\"https:\/\/www.dixa.ch\/fr\/herbes-et-epices\/\"]}]},{\"@type\":\"BreadcrumbList\",\"@id\":\"https:\/\/www.dixa.ch\/fr\/herbes-et-epices\/#breadcrumb\",\"itemListElement\":[{\"@type\":\"ListItem\",\"position\":1,\"name\":\"Startseite\",\"item\":\"https:\/\/www.dixa.ch\/fr\/\"},{\"@type\":\"ListItem\",\"position\":2,\"name\":\"Herbes et \u00e9pices\"}]},{\"@type\":\"WebSite\",\"@id\":\"https:\/\/www.dixa.ch\/fr\/#website\",\"url\":\"https:\/\/www.dixa.ch\/fr\/\",\"name\":\"DIXA\",\"description\":\"Die Schweizer Naturmanufaktur f\u00fcr Kr\u00e4uter und Gew\u00fcrze\",\"potentialAction\":[{\"@type\":\"SearchAction\",\"target\":{\"@type\":\"EntryPoint\",\"urlTemplate\":\"https:\/\/www.dixa.ch\/fr\/?s={search_term_string}\"},\"query-input\":{\"@type\":\"PropertyValueSpecification\",\"valueRequired\":true,\"valueName\":\"search_term_string\"}}],\"inLanguage\":\"fr-FR\"}]}<\/script>\n<!-- \/ Yoast SEO plugin. -->","yoast_head_json":{"title":"Herbes et \u00e9pices \u2013 le monde de DIXA","description":"La manufacture suisse de produits naturels DIXA propose la plus vaste s\u00e9lection d\u2019herbes et d\u2019\u00e9pices. Vous trouverez plus d\u2019informations ici.","robots":{"index":"index","follow":"follow","max-snippet":"max-snippet:-1","max-image-preview":"max-image-preview:large","max-video-preview":"max-video-preview:-1"},"canonical":"https:\/\/www.dixa.ch\/fr\/herbes-et-epices\/","og_locale":"fr_FR","og_type":"article","og_title":"Herbes et \u00e9pices \u2013 le monde de DIXA","og_description":"La manufacture suisse de produits naturels DIXA propose la plus vaste s\u00e9lection d\u2019herbes et d\u2019\u00e9pices. Vous trouverez plus d\u2019informations ici.","og_url":"https:\/\/www.dixa.ch\/fr\/herbes-et-epices\/","og_site_name":"DIXA","article_modified_time":"2025-12-11T16:26:53+00:00","twitter_card":"summary_large_image","twitter_misc":{"Dur\u00e9e de lecture estim\u00e9e":"3 minutes"},"schema":{"@context":"https:\/\/schema.org","@graph":[{"@type":"WebPage","@id":"https:\/\/www.dixa.ch\/fr\/herbes-et-epices\/","url":"https:\/\/www.dixa.ch\/fr\/herbes-et-epices\/","name":"Herbes et \u00e9pices \u2013 le monde de DIXA","isPartOf":{"@id":"https:\/\/www.dixa.ch\/fr\/#website"},"datePublished":"2021-04-06T13:49:52+00:00","dateModified":"2025-12-11T16:26:53+00:00","description":"La manufacture suisse de produits naturels DIXA propose la plus vaste s\u00e9lection d\u2019herbes et d\u2019\u00e9pices. Vous trouverez plus d\u2019informations ici.","breadcrumb":{"@id":"https:\/\/www.dixa.ch\/fr\/herbes-et-epices\/#breadcrumb"},"inLanguage":"fr-FR","potentialAction":[{"@type":"ReadAction","target":["https:\/\/www.dixa.ch\/fr\/herbes-et-epices\/"]}]},{"@type":"BreadcrumbList","@id":"https:\/\/www.dixa.ch\/fr\/herbes-et-epices\/#breadcrumb","itemListElement":[{"@type":"ListItem","position":1,"name":"Startseite","item":"https:\/\/www.dixa.ch\/fr\/"},{"@type":"ListItem","position":2,"name":"Herbes et \u00e9pices"}]},{"@type":"WebSite","@id":"https:\/\/www.dixa.ch\/fr\/#website","url":"https:\/\/www.dixa.ch\/fr\/","name":"DIXA","description":"Die Schweizer Naturmanufaktur f\u00fcr Kr\u00e4uter und Gew\u00fcrze","potentialAction":[{"@type":"SearchAction","target":{"@type":"EntryPoint","urlTemplate":"https:\/\/www.dixa.ch\/fr\/?s={search_term_string}"},"query-input":{"@type":"PropertyValueSpecification","valueRequired":true,"valueName":"search_term_string"}}],"inLanguage":"fr-FR"}]}},"_links":{"self":[{"href":"https:\/\/www.dixa.ch\/fr\/wp-json\/wp\/v2\/pages\/4379"}],"collection":[{"href":"https:\/\/www.dixa.ch\/fr\/wp-json\/wp\/v2\/pages"}],"about":[{"href":"https:\/\/www.dixa.ch\/fr\/wp-json\/wp\/v2\/types\/page"}],"author":[{"embeddable":true,"href":"https:\/\/www.dixa.ch\/fr\/wp-json\/wp\/v2\/users\/1"}],"replies":[{"embeddable":true,"href":"https:\/\/www.dixa.ch\/fr\/wp-json\/wp\/v2\/comments?post=4379"}],"version-history":[{"count":4,"href":"https:\/\/www.dixa.ch\/fr\/wp-json\/wp\/v2\/pages\/4379\/revisions"}],"predecessor-version":[{"id":6849,"href":"https:\/\/www.dixa.ch\/fr\/wp-json\/wp\/v2\/pages\/4379\/revisions\/6849"}],"wp:attachment":[{"href":"https:\/\/www.dixa.ch\/fr\/wp-json\/wp\/v2\/media?parent=4379"}],"curies":[{"name":"wp","href":"https:\/\/api.w.org\/{rel}","templated":true}]}}