{"id":4286,"date":"2021-03-30T18:13:50","date_gmt":"2021-03-30T16:13:50","guid":{"rendered":"https:\/\/dixa.weitblick-online.ch\/medicinal-herbs-herbs-and-spices\/partners\/"},"modified":"2023-06-02T08:24:39","modified_gmt":"2023-06-02T06:24:39","slug":"partners","status":"publish","type":"page","link":"https:\/\/www.dixa.ch\/en\/herbs-and-spices\/partners\/","title":{"rendered":"Partners"},"content":{"rendered":"<div class=\"wpb-content-wrapper\"><p>[vc_row full_width=&#8221;stretch_row_content_no_spaces&#8221;][vc_column][vc_banner_title style=&#8221;big&#8221; color_style=&#8221;light&#8221; subtitle=&#8221;Across Switzerland&#8221; title=&#8221;Our partners near you.&#8221; img=&#8221;3394&#8243; button=&#8221;url:https%3A%2F%2Fdixa-onlineshop.ch%2Fen%2FSource-of-supply%2F|title:Partners%20near%20you|target:_blank|&#8221; enable_fullheight=&#8221;true&#8221; columns=&#8221;%5B%7B%7D%5D&#8221;]Looking for DIXA products or the huge wealth of products containing DIXA ingredients? Whether you\u2019re after a pharmacy or a chemist, a health food shop or a specialist tea retailer, our postcode-based location search is an easy way to find our partners near you![\/vc_banner_title][\/vc_column][\/vc_row]<\/p>\n<\/div>","protected":false},"excerpt":{"rendered":"<p>[vc_row full_width=&#8221;stretch_row_content_no_spaces&#8221;][vc_column][vc_banner_title style=&#8221;big&#8221; color_style=&#8221;light&#8221; subtitle=&#8221;Across Switzerland&#8221; title=&#8221;Our partners near you.&#8221; img=&#8221;3394&#8243; button=&#8221;url:https%3A%2F%2Fdixa-onlineshop.ch%2Fen%2FSource-of-supply%2F|title:Partners%20near%20you|target:_blank|&#8221; enable_fullheight=&#8221;true&#8221; columns=&#8221;%5B%7B%7D%5D&#8221;]Looking for DIXA products or the huge<\/p>\n","protected":false},"author":1,"featured_media":0,"parent":4277,"menu_order":0,"comment_status":"closed","ping_status":"closed","template":"","meta":{"footnotes":""},"class_list":["post-4286","page","type-page","status-publish","hentry"],"yoast_head":"<!-- This site is optimized with the Yoast SEO plugin v23.6 - https:\/\/yoast.com\/wordpress\/plugins\/seo\/ -->\n<title>DIXA partners \u2013 find a retailer near you<\/title>\n<meta name=\"description\" content=\"Whether a pharmacy, chemist, health food shop or physiotherapy practice, our postcode-based location search is an easy way to find our partners near you!\" \/>\n<meta name=\"robots\" content=\"index, follow, max-snippet:-1, max-image-preview:large, max-video-preview:-1\" \/>\n<link rel=\"canonical\" href=\"https:\/\/www.dixa.ch\/en\/herbs-and-spices\/partners\/\" \/>\n<meta property=\"og:locale\" content=\"en_US\" \/>\n<meta property=\"og:type\" content=\"article\" \/>\n<meta property=\"og:title\" content=\"DIXA partners \u2013 find a retailer near you\" \/>\n<meta property=\"og:description\" content=\"Whether a pharmacy, chemist, health food shop or physiotherapy practice, our postcode-based location search is an easy way to find our partners near you!\" \/>\n<meta property=\"og:url\" content=\"https:\/\/www.dixa.ch\/en\/herbs-and-spices\/partners\/\" \/>\n<meta property=\"og:site_name\" content=\"DIXA\" \/>\n<meta property=\"article:modified_time\" content=\"2023-06-02T06:24:39+00:00\" \/>\n<meta name=\"twitter:card\" content=\"summary_large_image\" \/>\n<meta name=\"twitter:label1\" content=\"Est. reading time\" \/>\n\t<meta name=\"twitter:data1\" content=\"1 minute\" \/>\n<script type=\"application\/ld+json\" class=\"yoast-schema-graph\">{\"@context\":\"https:\/\/schema.org\",\"@graph\":[{\"@type\":\"WebPage\",\"@id\":\"https:\/\/www.dixa.ch\/en\/herbs-and-spices\/partners\/\",\"url\":\"https:\/\/www.dixa.ch\/en\/herbs-and-spices\/partners\/\",\"name\":\"DIXA partners \u2013 find a retailer near you\",\"isPartOf\":{\"@id\":\"https:\/\/www.dixa.ch\/en\/#website\"},\"datePublished\":\"2021-03-30T16:13:50+00:00\",\"dateModified\":\"2023-06-02T06:24:39+00:00\",\"description\":\"Whether a pharmacy, chemist, health food shop or physiotherapy practice, our postcode-based location search is an easy way to find our partners near you!\",\"breadcrumb\":{\"@id\":\"https:\/\/www.dixa.ch\/en\/herbs-and-spices\/partners\/#breadcrumb\"},\"inLanguage\":\"en-US\",\"potentialAction\":[{\"@type\":\"ReadAction\",\"target\":[\"https:\/\/www.dixa.ch\/en\/herbs-and-spices\/partners\/\"]}]},{\"@type\":\"BreadcrumbList\",\"@id\":\"https:\/\/www.dixa.ch\/en\/herbs-and-spices\/partners\/#breadcrumb\",\"itemListElement\":[{\"@type\":\"ListItem\",\"position\":1,\"name\":\"Startseite\",\"item\":\"https:\/\/www.dixa.ch\/en\/\"},{\"@type\":\"ListItem\",\"position\":2,\"name\":\"Herbs and spices\",\"item\":\"https:\/\/www.dixa.ch\/en\/herbs-and-spices\/\"},{\"@type\":\"ListItem\",\"position\":3,\"name\":\"Partners\"}]},{\"@type\":\"WebSite\",\"@id\":\"https:\/\/www.dixa.ch\/en\/#website\",\"url\":\"https:\/\/www.dixa.ch\/en\/\",\"name\":\"DIXA\",\"description\":\"Die Schweizer Naturmanufaktur f\u00fcr Kr\u00e4uter und Gew\u00fcrze\",\"potentialAction\":[{\"@type\":\"SearchAction\",\"target\":{\"@type\":\"EntryPoint\",\"urlTemplate\":\"https:\/\/www.dixa.ch\/en\/?s={search_term_string}\"},\"query-input\":{\"@type\":\"PropertyValueSpecification\",\"valueRequired\":true,\"valueName\":\"search_term_string\"}}],\"inLanguage\":\"en-US\"}]}<\/script>\n<!-- \/ Yoast SEO plugin. -->","yoast_head_json":{"title":"DIXA partners \u2013 find a retailer near you","description":"Whether a pharmacy, chemist, health food shop or physiotherapy practice, our postcode-based location search is an easy way to find our partners near you!","robots":{"index":"index","follow":"follow","max-snippet":"max-snippet:-1","max-image-preview":"max-image-preview:large","max-video-preview":"max-video-preview:-1"},"canonical":"https:\/\/www.dixa.ch\/en\/herbs-and-spices\/partners\/","og_locale":"en_US","og_type":"article","og_title":"DIXA partners \u2013 find a retailer near you","og_description":"Whether a pharmacy, chemist, health food shop or physiotherapy practice, our postcode-based location search is an easy way to find our partners near you!","og_url":"https:\/\/www.dixa.ch\/en\/herbs-and-spices\/partners\/","og_site_name":"DIXA","article_modified_time":"2023-06-02T06:24:39+00:00","twitter_card":"summary_large_image","twitter_misc":{"Est. reading time":"1 minute"},"schema":{"@context":"https:\/\/schema.org","@graph":[{"@type":"WebPage","@id":"https:\/\/www.dixa.ch\/en\/herbs-and-spices\/partners\/","url":"https:\/\/www.dixa.ch\/en\/herbs-and-spices\/partners\/","name":"DIXA partners \u2013 find a retailer near you","isPartOf":{"@id":"https:\/\/www.dixa.ch\/en\/#website"},"datePublished":"2021-03-30T16:13:50+00:00","dateModified":"2023-06-02T06:24:39+00:00","description":"Whether a pharmacy, chemist, health food shop or physiotherapy practice, our postcode-based location search is an easy way to find our partners near you!","breadcrumb":{"@id":"https:\/\/www.dixa.ch\/en\/herbs-and-spices\/partners\/#breadcrumb"},"inLanguage":"en-US","potentialAction":[{"@type":"ReadAction","target":["https:\/\/www.dixa.ch\/en\/herbs-and-spices\/partners\/"]}]},{"@type":"BreadcrumbList","@id":"https:\/\/www.dixa.ch\/en\/herbs-and-spices\/partners\/#breadcrumb","itemListElement":[{"@type":"ListItem","position":1,"name":"Startseite","item":"https:\/\/www.dixa.ch\/en\/"},{"@type":"ListItem","position":2,"name":"Herbs and spices","item":"https:\/\/www.dixa.ch\/en\/herbs-and-spices\/"},{"@type":"ListItem","position":3,"name":"Partners"}]},{"@type":"WebSite","@id":"https:\/\/www.dixa.ch\/en\/#website","url":"https:\/\/www.dixa.ch\/en\/","name":"DIXA","description":"Die Schweizer Naturmanufaktur f\u00fcr Kr\u00e4uter und Gew\u00fcrze","potentialAction":[{"@type":"SearchAction","target":{"@type":"EntryPoint","urlTemplate":"https:\/\/www.dixa.ch\/en\/?s={search_term_string}"},"query-input":{"@type":"PropertyValueSpecification","valueRequired":true,"valueName":"search_term_string"}}],"inLanguage":"en-US"}]}},"_links":{"self":[{"href":"https:\/\/www.dixa.ch\/en\/wp-json\/wp\/v2\/pages\/4286"}],"collection":[{"href":"https:\/\/www.dixa.ch\/en\/wp-json\/wp\/v2\/pages"}],"about":[{"href":"https:\/\/www.dixa.ch\/en\/wp-json\/wp\/v2\/types\/page"}],"author":[{"embeddable":true,"href":"https:\/\/www.dixa.ch\/en\/wp-json\/wp\/v2\/users\/1"}],"replies":[{"embeddable":true,"href":"https:\/\/www.dixa.ch\/en\/wp-json\/wp\/v2\/comments?post=4286"}],"version-history":[{"count":0,"href":"https:\/\/www.dixa.ch\/en\/wp-json\/wp\/v2\/pages\/4286\/revisions"}],"up":[{"embeddable":true,"href":"https:\/\/www.dixa.ch\/en\/wp-json\/wp\/v2\/pages\/4277"}],"wp:attachment":[{"href":"https:\/\/www.dixa.ch\/en\/wp-json\/wp\/v2\/media?parent=4286"}],"curies":[{"name":"wp","href":"https:\/\/api.w.org\/{rel}","templated":true}]}}