{"id":4283,"date":"2021-03-30T18:12:29","date_gmt":"2021-03-30T16:12:29","guid":{"rendered":"https:\/\/dixa.weitblick-online.ch\/medicinal-herbs-herbs-and-spices\/range\/"},"modified":"2025-10-20T15:38:04","modified_gmt":"2025-10-20T13:38:04","slug":"range","status":"publish","type":"page","link":"https:\/\/www.dixa.ch\/en\/herbs-and-spices\/range\/","title":{"rendered":"Range"},"content":{"rendered":"<div class=\"wpb-content-wrapper\"><p>[vc_row full_width=&#8221;stretch_row_content_no_spaces&#8221;][vc_column][vc_banner_title style=&#8221;big&#8221; color_style=&#8221;light&#8221; subtitle=&#8221;DIXA range&#8221; title=&#8221;More than 450 different plant-based raw materials to choose from.&#8221; img=&#8221;2975&#8243; button=&#8221;url:https%3A%2F%2Fdixa-onlineshop.ch%2Fen%2FProduct-range%2F|title:Range|target:_blank|&#8221; enable_overlay=&#8221;true&#8221; enable_fullheight=&#8221;true&#8221; columns=&#8221;%5B%7B%7D%2C%7B%7D%2C%7B%7D%5D&#8221;]Dixa AG does not trade in or process medicinal products, remedies or active pharmaceutical ingredients. Nevertheless, Dixa AG&#8217;s high-quality raw materials are frequently tested in accordance with internal specifications and based on pharmacopoeia monographs (e.g. PhEur). Neither the manufacturing process nor the release process is GMP-certified.[\/vc_banner_title][\/vc_column][\/vc_row]<\/p>\n<\/div>","protected":false},"excerpt":{"rendered":"<p>[vc_row full_width=&#8221;stretch_row_content_no_spaces&#8221;][vc_column][vc_banner_title style=&#8221;big&#8221; color_style=&#8221;light&#8221; subtitle=&#8221;DIXA range&#8221; title=&#8221;More than 450 different plant-based raw materials to choose from.&#8221; img=&#8221;2975&#8243; button=&#8221;url:https%3A%2F%2Fdixa-onlineshop.ch%2Fen%2FProduct-range%2F|title:Range|target:_blank|&#8221; enable_overlay=&#8221;true&#8221; enable_fullheight=&#8221;true&#8221;<\/p>\n","protected":false},"author":1,"featured_media":0,"parent":4277,"menu_order":0,"comment_status":"closed","ping_status":"closed","template":"","meta":{"footnotes":""},"class_list":["post-4283","page","type-page","status-publish","hentry"],"yoast_head":"<!-- This site is optimized with the Yoast SEO plugin v23.6 - https:\/\/yoast.com\/wordpress\/plugins\/seo\/ -->\n<title>DIXA\u2019s range \u2013 more than 450 products from around the globe<\/title>\n<meta name=\"description\" content=\"Golden arnica petals, chopped belladonna root, ground chasteberry \u2013 DIXA\u2019s range has what you\u2019re looking for.\" \/>\n<meta name=\"robots\" content=\"index, follow, max-snippet:-1, max-image-preview:large, max-video-preview:-1\" \/>\n<link rel=\"canonical\" href=\"https:\/\/www.dixa.ch\/en\/herbs-and-spices\/range\/\" \/>\n<meta property=\"og:locale\" content=\"en_US\" \/>\n<meta property=\"og:type\" content=\"article\" \/>\n<meta property=\"og:title\" content=\"DIXA\u2019s range \u2013 more than 450 products from around the globe\" \/>\n<meta property=\"og:description\" content=\"Golden arnica petals, chopped belladonna root, ground chasteberry \u2013 DIXA\u2019s range has what you\u2019re looking for.\" \/>\n<meta property=\"og:url\" content=\"https:\/\/www.dixa.ch\/en\/herbs-and-spices\/range\/\" \/>\n<meta property=\"og:site_name\" content=\"DIXA\" \/>\n<meta property=\"article:modified_time\" content=\"2025-10-20T13:38:04+00:00\" \/>\n<meta name=\"twitter:card\" content=\"summary_large_image\" \/>\n<meta name=\"twitter:label1\" content=\"Est. reading time\" \/>\n\t<meta name=\"twitter:data1\" content=\"1 minute\" \/>\n<script type=\"application\/ld+json\" class=\"yoast-schema-graph\">{\"@context\":\"https:\/\/schema.org\",\"@graph\":[{\"@type\":\"WebPage\",\"@id\":\"https:\/\/www.dixa.ch\/en\/herbs-and-spices\/range\/\",\"url\":\"https:\/\/www.dixa.ch\/en\/herbs-and-spices\/range\/\",\"name\":\"DIXA\u2019s range \u2013 more than 450 products from around the globe\",\"isPartOf\":{\"@id\":\"https:\/\/www.dixa.ch\/en\/#website\"},\"datePublished\":\"2021-03-30T16:12:29+00:00\",\"dateModified\":\"2025-10-20T13:38:04+00:00\",\"description\":\"Golden arnica petals, chopped belladonna root, ground chasteberry \u2013 DIXA\u2019s range has what you\u2019re looking for.\",\"breadcrumb\":{\"@id\":\"https:\/\/www.dixa.ch\/en\/herbs-and-spices\/range\/#breadcrumb\"},\"inLanguage\":\"en-US\",\"potentialAction\":[{\"@type\":\"ReadAction\",\"target\":[\"https:\/\/www.dixa.ch\/en\/herbs-and-spices\/range\/\"]}]},{\"@type\":\"BreadcrumbList\",\"@id\":\"https:\/\/www.dixa.ch\/en\/herbs-and-spices\/range\/#breadcrumb\",\"itemListElement\":[{\"@type\":\"ListItem\",\"position\":1,\"name\":\"Startseite\",\"item\":\"https:\/\/www.dixa.ch\/en\/\"},{\"@type\":\"ListItem\",\"position\":2,\"name\":\"Herbs and spices\",\"item\":\"https:\/\/www.dixa.ch\/en\/herbs-and-spices\/\"},{\"@type\":\"ListItem\",\"position\":3,\"name\":\"Range\"}]},{\"@type\":\"WebSite\",\"@id\":\"https:\/\/www.dixa.ch\/en\/#website\",\"url\":\"https:\/\/www.dixa.ch\/en\/\",\"name\":\"DIXA\",\"description\":\"Die Schweizer Naturmanufaktur f\u00fcr Kr\u00e4uter und Gew\u00fcrze\",\"potentialAction\":[{\"@type\":\"SearchAction\",\"target\":{\"@type\":\"EntryPoint\",\"urlTemplate\":\"https:\/\/www.dixa.ch\/en\/?s={search_term_string}\"},\"query-input\":{\"@type\":\"PropertyValueSpecification\",\"valueRequired\":true,\"valueName\":\"search_term_string\"}}],\"inLanguage\":\"en-US\"}]}<\/script>\n<!-- \/ Yoast SEO plugin. -->","yoast_head_json":{"title":"DIXA\u2019s range \u2013 more than 450 products from around the globe","description":"Golden arnica petals, chopped belladonna root, ground chasteberry \u2013 DIXA\u2019s range has what you\u2019re looking for.","robots":{"index":"index","follow":"follow","max-snippet":"max-snippet:-1","max-image-preview":"max-image-preview:large","max-video-preview":"max-video-preview:-1"},"canonical":"https:\/\/www.dixa.ch\/en\/herbs-and-spices\/range\/","og_locale":"en_US","og_type":"article","og_title":"DIXA\u2019s range \u2013 more than 450 products from around the globe","og_description":"Golden arnica petals, chopped belladonna root, ground chasteberry \u2013 DIXA\u2019s range has what you\u2019re looking for.","og_url":"https:\/\/www.dixa.ch\/en\/herbs-and-spices\/range\/","og_site_name":"DIXA","article_modified_time":"2025-10-20T13:38:04+00:00","twitter_card":"summary_large_image","twitter_misc":{"Est. reading time":"1 minute"},"schema":{"@context":"https:\/\/schema.org","@graph":[{"@type":"WebPage","@id":"https:\/\/www.dixa.ch\/en\/herbs-and-spices\/range\/","url":"https:\/\/www.dixa.ch\/en\/herbs-and-spices\/range\/","name":"DIXA\u2019s range \u2013 more than 450 products from around the globe","isPartOf":{"@id":"https:\/\/www.dixa.ch\/en\/#website"},"datePublished":"2021-03-30T16:12:29+00:00","dateModified":"2025-10-20T13:38:04+00:00","description":"Golden arnica petals, chopped belladonna root, ground chasteberry \u2013 DIXA\u2019s range has what you\u2019re looking for.","breadcrumb":{"@id":"https:\/\/www.dixa.ch\/en\/herbs-and-spices\/range\/#breadcrumb"},"inLanguage":"en-US","potentialAction":[{"@type":"ReadAction","target":["https:\/\/www.dixa.ch\/en\/herbs-and-spices\/range\/"]}]},{"@type":"BreadcrumbList","@id":"https:\/\/www.dixa.ch\/en\/herbs-and-spices\/range\/#breadcrumb","itemListElement":[{"@type":"ListItem","position":1,"name":"Startseite","item":"https:\/\/www.dixa.ch\/en\/"},{"@type":"ListItem","position":2,"name":"Herbs and spices","item":"https:\/\/www.dixa.ch\/en\/herbs-and-spices\/"},{"@type":"ListItem","position":3,"name":"Range"}]},{"@type":"WebSite","@id":"https:\/\/www.dixa.ch\/en\/#website","url":"https:\/\/www.dixa.ch\/en\/","name":"DIXA","description":"Die Schweizer Naturmanufaktur f\u00fcr Kr\u00e4uter und Gew\u00fcrze","potentialAction":[{"@type":"SearchAction","target":{"@type":"EntryPoint","urlTemplate":"https:\/\/www.dixa.ch\/en\/?s={search_term_string}"},"query-input":{"@type":"PropertyValueSpecification","valueRequired":true,"valueName":"search_term_string"}}],"inLanguage":"en-US"}]}},"_links":{"self":[{"href":"https:\/\/www.dixa.ch\/en\/wp-json\/wp\/v2\/pages\/4283"}],"collection":[{"href":"https:\/\/www.dixa.ch\/en\/wp-json\/wp\/v2\/pages"}],"about":[{"href":"https:\/\/www.dixa.ch\/en\/wp-json\/wp\/v2\/types\/page"}],"author":[{"embeddable":true,"href":"https:\/\/www.dixa.ch\/en\/wp-json\/wp\/v2\/users\/1"}],"replies":[{"embeddable":true,"href":"https:\/\/www.dixa.ch\/en\/wp-json\/wp\/v2\/comments?post=4283"}],"version-history":[{"count":3,"href":"https:\/\/www.dixa.ch\/en\/wp-json\/wp\/v2\/pages\/4283\/revisions"}],"predecessor-version":[{"id":6641,"href":"https:\/\/www.dixa.ch\/en\/wp-json\/wp\/v2\/pages\/4283\/revisions\/6641"}],"up":[{"embeddable":true,"href":"https:\/\/www.dixa.ch\/en\/wp-json\/wp\/v2\/pages\/4277"}],"wp:attachment":[{"href":"https:\/\/www.dixa.ch\/en\/wp-json\/wp\/v2\/media?parent=4283"}],"curies":[{"name":"wp","href":"https:\/\/api.w.org\/{rel}","templated":true}]}}