{"id":4280,"date":"2021-03-30T18:11:33","date_gmt":"2021-03-30T16:11:33","guid":{"rendered":"https:\/\/dixa.weitblick-online.ch\/medicinal-herbs-herbs-and-spices\/herbs-and-spices\/"},"modified":"2025-12-11T16:55:41","modified_gmt":"2025-12-11T15:55:41","slug":"herbs-and-spices","status":"publish","type":"page","link":"https:\/\/www.dixa.ch\/en\/herbs-and-spices\/herbs-and-spices\/","title":{"rendered":"Herbs and spices"},"content":{"rendered":"<div class=\"wpb-content-wrapper\"><p>[vc_row full_width=&#8221;stretch_row_content_no_spaces&#8221;][vc_column][vc_banner_title style=&#8221;big&#8221; color_style=&#8221;light&#8221; subtitle=&#8221;The pure power of nature&#8221; title=&#8221;Herbs and spices to satisfy the highest standards. &#8221; img=&#8221;3723&#8243; enable_overlay=&#8221;true&#8221; enable_fullheight=&#8221;true&#8221; columns=&#8221;%5B%7B%7D%5D&#8221;]Are you a food producer on the hunt for a skilled partner to create products using special herbs or aromatic spices, or to develop new flavours with high-quality natural raw materials? Are you operating in the competitive medicinal products market and looking for a partner who can provide you with rare herbs? Or are you a food lover looking to launch a sustainable natural product? We\u2019ve got what you need.[\/vc_banner_title][\/vc_column][\/vc_row][vc_row][vc_column][vc_row_inner content_placement=&#8221;middle&#8221;][vc_column_inner width=&#8221;1\/2&#8243;][vc_single_image image=&#8221;3925&#8243; img_size=&#8221;full&#8221; css=&#8221;.vc_custom_1615917732549{padding-top: 30px !important;}&#8221;][vc_single_image image=&#8221;3762&#8243; img_size=&#8221;full&#8221; css=&#8221;.vc_custom_1613390067277{padding-top: 30px !important;}&#8221;][\/vc_column_inner][vc_column_inner width=&#8221;1\/2&#8243;][vc_headings title=&#8221;Reliable partner for various industries.&#8221; heading_size=&#8221;h2&#8243;]As a partner for the food industry, the procurement, selection and processing of spices and the creation of unique blends are our strengths. However, our top-quality products, with clearly declared contents, are also seeing unprecedented demand in various industries such as the food industry, the phytopharma industry, in the cosmetics and supplements industry, and in the veterinary and specialist feed industry.[\/vc_headings][vc_single_image image=&#8221;3763&#8243; img_size=&#8221;full&#8221; css=&#8221;.vc_custom_1613390452035{padding-top: 30px !important;}&#8221;][\/vc_column_inner][\/vc_row_inner][vc_row_inner][vc_column_inner width=&#8221;1\/2&#8243;][vc_headings heading_size=&#8221;h2&#8243;]As an experienced natural manufacturer and expert in herbs and spices, we only use top-quality raw materials \u2013 and we work with Swiss precision. Regardless of the industry you work in, our herbs and spices mean you can rest assured you\u2019re always doing the best for your products.[\/vc_headings][vc_single_image image=&#8221;3757&#8243; img_size=&#8221;full&#8221;][vc_single_image image=&#8221;3756&#8243; img_size=&#8221;full&#8221; css=&#8221;.vc_custom_1613560611098{padding-top: 30px !important;}&#8221;][\/vc_column_inner][vc_column_inner width=&#8221;1\/2&#8243;][vc_single_image image=&#8221;3758&#8243; img_size=&#8221;full&#8221; css=&#8221;.vc_custom_1613390098505{padding-top: 30px !important;}&#8221;][\/vc_column_inner][\/vc_row_inner][vc_row_inner content_placement=&#8221;middle&#8221; css=&#8221;.vc_custom_1606836923251{padding-top: 100px !important;padding-bottom: 100px !important;}&#8221;][vc_column_inner width=&#8221;1\/2&#8243;][vc_single_image image=&#8221;3877&#8243; img_size=&#8221;large&#8221; css=&#8221;.vc_custom_1614695376518{padding-top: 30px !important;padding-bottom: 30px !important;}&#8221;][\/vc_column_inner][vc_column_inner width=&#8221;1\/2&#8243;][vc_headings title=&#8221;An inspiring partner for specialist health retailers&#8221; heading_size=&#8221;h2&#8243;]Enthusiasm for the wide world of herbs and spices has a long tradition at DIXA, as does the passion for developing new flavours time and again. That is precisely why we\u2019re the perfect partner for Swiss specialist health retailers selling herbs and spices. We also stock various specialist items alongside well-known standard products, and we\u2019d be more than happy to produce your new product as part of our contract manufacturing service. Thanks to our level of service, we are the first port of call for specialist distributors and retailers across Switzerland. Over the decades, we have forged sustainable relationships with renowned producers and suppliers of raw materials, ensuring that you can obtain top-class raw materials and products from DIXA.[\/vc_headings][\/vc_column_inner][\/vc_row_inner][\/vc_column][\/vc_row]<\/p>\n<\/div>","protected":false},"excerpt":{"rendered":"<p>[vc_row full_width=&#8221;stretch_row_content_no_spaces&#8221;][vc_column][vc_banner_title style=&#8221;big&#8221; color_style=&#8221;light&#8221; subtitle=&#8221;The pure power of nature&#8221; title=&#8221;Herbs and spices to satisfy the highest standards. &#8221; img=&#8221;3723&#8243; enable_overlay=&#8221;true&#8221;<\/p>\n","protected":false},"author":1,"featured_media":0,"parent":4277,"menu_order":0,"comment_status":"closed","ping_status":"closed","template":"","meta":{"footnotes":""},"class_list":["post-4280","page","type-page","status-publish","hentry"],"yoast_head":"<!-- This site is optimized with the Yoast SEO plugin v23.6 - https:\/\/yoast.com\/wordpress\/plugins\/seo\/ -->\n<title>Herbs &amp; spices to satisfy the highest requirements | DIXA<\/title>\n<meta name=\"description\" content=\"Whether for the food, cosmetics, pharmaceuticals or medicinal industry, specialist distributors or retailers, you can always rely on certified quality from DIXA.\" \/>\n<meta name=\"robots\" content=\"index, follow, max-snippet:-1, max-image-preview:large, max-video-preview:-1\" \/>\n<link rel=\"canonical\" href=\"https:\/\/www.dixa.ch\/en\/herbs-and-spices\/herbs-and-spices\/\" \/>\n<meta property=\"og:locale\" content=\"en_US\" \/>\n<meta property=\"og:type\" content=\"article\" \/>\n<meta property=\"og:title\" content=\"Herbs &amp; spices to satisfy the highest requirements | DIXA\" \/>\n<meta property=\"og:description\" content=\"Whether for the food, cosmetics, pharmaceuticals or medicinal industry, specialist distributors or retailers, you can always rely on certified quality from DIXA.\" \/>\n<meta property=\"og:url\" content=\"https:\/\/www.dixa.ch\/en\/herbs-and-spices\/herbs-and-spices\/\" \/>\n<meta property=\"og:site_name\" content=\"DIXA\" \/>\n<meta property=\"article:modified_time\" content=\"2025-12-11T15:55:41+00:00\" \/>\n<meta name=\"twitter:card\" content=\"summary_large_image\" \/>\n<meta name=\"twitter:label1\" content=\"Est. reading time\" \/>\n\t<meta name=\"twitter:data1\" content=\"3 minutes\" \/>\n<script type=\"application\/ld+json\" class=\"yoast-schema-graph\">{\"@context\":\"https:\/\/schema.org\",\"@graph\":[{\"@type\":\"WebPage\",\"@id\":\"https:\/\/www.dixa.ch\/en\/herbs-and-spices\/herbs-and-spices\/\",\"url\":\"https:\/\/www.dixa.ch\/en\/herbs-and-spices\/herbs-and-spices\/\",\"name\":\"Herbs & spices to satisfy the highest requirements | DIXA\",\"isPartOf\":{\"@id\":\"https:\/\/www.dixa.ch\/en\/#website\"},\"datePublished\":\"2021-03-30T16:11:33+00:00\",\"dateModified\":\"2025-12-11T15:55:41+00:00\",\"description\":\"Whether for the food, cosmetics, pharmaceuticals or medicinal industry, specialist distributors or retailers, you can always rely on certified quality from DIXA.\",\"breadcrumb\":{\"@id\":\"https:\/\/www.dixa.ch\/en\/herbs-and-spices\/herbs-and-spices\/#breadcrumb\"},\"inLanguage\":\"en-US\",\"potentialAction\":[{\"@type\":\"ReadAction\",\"target\":[\"https:\/\/www.dixa.ch\/en\/herbs-and-spices\/herbs-and-spices\/\"]}]},{\"@type\":\"BreadcrumbList\",\"@id\":\"https:\/\/www.dixa.ch\/en\/herbs-and-spices\/herbs-and-spices\/#breadcrumb\",\"itemListElement\":[{\"@type\":\"ListItem\",\"position\":1,\"name\":\"Startseite\",\"item\":\"https:\/\/www.dixa.ch\/en\/\"},{\"@type\":\"ListItem\",\"position\":2,\"name\":\"Herbs and spices\",\"item\":\"https:\/\/www.dixa.ch\/en\/herbs-and-spices\/\"},{\"@type\":\"ListItem\",\"position\":3,\"name\":\"Herbs and spices\"}]},{\"@type\":\"WebSite\",\"@id\":\"https:\/\/www.dixa.ch\/en\/#website\",\"url\":\"https:\/\/www.dixa.ch\/en\/\",\"name\":\"DIXA\",\"description\":\"Die Schweizer Naturmanufaktur f\u00fcr Kr\u00e4uter und Gew\u00fcrze\",\"potentialAction\":[{\"@type\":\"SearchAction\",\"target\":{\"@type\":\"EntryPoint\",\"urlTemplate\":\"https:\/\/www.dixa.ch\/en\/?s={search_term_string}\"},\"query-input\":{\"@type\":\"PropertyValueSpecification\",\"valueRequired\":true,\"valueName\":\"search_term_string\"}}],\"inLanguage\":\"en-US\"}]}<\/script>\n<!-- \/ Yoast SEO plugin. -->","yoast_head_json":{"title":"Herbs & spices to satisfy the highest requirements | DIXA","description":"Whether for the food, cosmetics, pharmaceuticals or medicinal industry, specialist distributors or retailers, you can always rely on certified quality from DIXA.","robots":{"index":"index","follow":"follow","max-snippet":"max-snippet:-1","max-image-preview":"max-image-preview:large","max-video-preview":"max-video-preview:-1"},"canonical":"https:\/\/www.dixa.ch\/en\/herbs-and-spices\/herbs-and-spices\/","og_locale":"en_US","og_type":"article","og_title":"Herbs & spices to satisfy the highest requirements | DIXA","og_description":"Whether for the food, cosmetics, pharmaceuticals or medicinal industry, specialist distributors or retailers, you can always rely on certified quality from DIXA.","og_url":"https:\/\/www.dixa.ch\/en\/herbs-and-spices\/herbs-and-spices\/","og_site_name":"DIXA","article_modified_time":"2025-12-11T15:55:41+00:00","twitter_card":"summary_large_image","twitter_misc":{"Est. reading time":"3 minutes"},"schema":{"@context":"https:\/\/schema.org","@graph":[{"@type":"WebPage","@id":"https:\/\/www.dixa.ch\/en\/herbs-and-spices\/herbs-and-spices\/","url":"https:\/\/www.dixa.ch\/en\/herbs-and-spices\/herbs-and-spices\/","name":"Herbs & spices to satisfy the highest requirements | DIXA","isPartOf":{"@id":"https:\/\/www.dixa.ch\/en\/#website"},"datePublished":"2021-03-30T16:11:33+00:00","dateModified":"2025-12-11T15:55:41+00:00","description":"Whether for the food, cosmetics, pharmaceuticals or medicinal industry, specialist distributors or retailers, you can always rely on certified quality from DIXA.","breadcrumb":{"@id":"https:\/\/www.dixa.ch\/en\/herbs-and-spices\/herbs-and-spices\/#breadcrumb"},"inLanguage":"en-US","potentialAction":[{"@type":"ReadAction","target":["https:\/\/www.dixa.ch\/en\/herbs-and-spices\/herbs-and-spices\/"]}]},{"@type":"BreadcrumbList","@id":"https:\/\/www.dixa.ch\/en\/herbs-and-spices\/herbs-and-spices\/#breadcrumb","itemListElement":[{"@type":"ListItem","position":1,"name":"Startseite","item":"https:\/\/www.dixa.ch\/en\/"},{"@type":"ListItem","position":2,"name":"Herbs and spices","item":"https:\/\/www.dixa.ch\/en\/herbs-and-spices\/"},{"@type":"ListItem","position":3,"name":"Herbs and spices"}]},{"@type":"WebSite","@id":"https:\/\/www.dixa.ch\/en\/#website","url":"https:\/\/www.dixa.ch\/en\/","name":"DIXA","description":"Die Schweizer Naturmanufaktur f\u00fcr Kr\u00e4uter und Gew\u00fcrze","potentialAction":[{"@type":"SearchAction","target":{"@type":"EntryPoint","urlTemplate":"https:\/\/www.dixa.ch\/en\/?s={search_term_string}"},"query-input":{"@type":"PropertyValueSpecification","valueRequired":true,"valueName":"search_term_string"}}],"inLanguage":"en-US"}]}},"_links":{"self":[{"href":"https:\/\/www.dixa.ch\/en\/wp-json\/wp\/v2\/pages\/4280"}],"collection":[{"href":"https:\/\/www.dixa.ch\/en\/wp-json\/wp\/v2\/pages"}],"about":[{"href":"https:\/\/www.dixa.ch\/en\/wp-json\/wp\/v2\/types\/page"}],"author":[{"embeddable":true,"href":"https:\/\/www.dixa.ch\/en\/wp-json\/wp\/v2\/users\/1"}],"replies":[{"embeddable":true,"href":"https:\/\/www.dixa.ch\/en\/wp-json\/wp\/v2\/comments?post=4280"}],"version-history":[{"count":2,"href":"https:\/\/www.dixa.ch\/en\/wp-json\/wp\/v2\/pages\/4280\/revisions"}],"predecessor-version":[{"id":6822,"href":"https:\/\/www.dixa.ch\/en\/wp-json\/wp\/v2\/pages\/4280\/revisions\/6822"}],"up":[{"embeddable":true,"href":"https:\/\/www.dixa.ch\/en\/wp-json\/wp\/v2\/pages\/4277"}],"wp:attachment":[{"href":"https:\/\/www.dixa.ch\/en\/wp-json\/wp\/v2\/media?parent=4280"}],"curies":[{"name":"wp","href":"https:\/\/api.w.org\/{rel}","templated":true}]}}